{"id":16,"date":"2024-12-03T18:13:41","date_gmt":"2024-12-03T17:13:41","guid":{"rendered":"https:\/\/lepaon.fr\/?page_id=16"},"modified":"2025-03-10T23:20:28","modified_gmt":"2025-03-10T22:20:28","slug":"contact","status":"publish","type":"page","link":"https:\/\/lepaon.fr\/?page_id=16","title":{"rendered":"Contact"},"content":{"rendered":"<p>[et_pb_section fb_built=\u00a0\u00bb1&Prime; admin_label=\u00a0\u00bbHero\u00a0\u00bb _builder_version=\u00a0\u00bb4.27.4&Prime; _module_preset=\u00a0\u00bbdefault\u00a0\u00bb background_image=\u00a0\u00bbhttps:\/\/images.unsplash.com\/photo-1662309905732-0440f31950d4?ixid=M3w1ODkyNzF8MHwxfHNlYXJjaHw1fHxjb2xvcmZ1bCUyMHBlYWNvY2slMjBmZWF0aGVyc3xlbnwwfDB8fHwxNzMzMjQ1ODQyfDA&#038;ixlib=rb-4.0.3&#038;fm=webp&#038;fit=crop&#038;crop=entropy&#038;w=1920&#038;h=1080&#038;q=20&#038;dpr=2&Prime; custom_padding=\u00a0\u00bb8vw||||false|false\u00a0\u00bb hover_enabled=\u00a0\u00bb0&Prime; locked=\u00a0\u00bboff\u00a0\u00bb collapsed=\u00a0\u00bbon\u00a0\u00bb global_colors_info=\u00a0\u00bb{}\u00a0\u00bb sticky_enabled=\u00a0\u00bb0&Prime;][et_pb_row _builder_version=\u00a0\u00bb4.24.2&Prime; _module_preset=\u00a0\u00bb5138c454-be54-4233-bd3b-f8e6a8747976&Prime; locked=\u00a0\u00bboff\u00a0\u00bb global_colors_info=\u00a0\u00bb{}\u00a0\u00bb][et_pb_column type=\u00a0\u00bb4_4&Prime; _builder_version=\u00a0\u00bb4.23.1&Prime; _module_preset=\u00a0\u00bb73121f80-a3ef-4484-8763-c3f18e3c56d2&Prime; global_colors_info=\u00a0\u00bb{}\u00a0\u00bb][et_pb_heading title=\u00a0\u00bbContact\u00a0\u00bb _builder_version=\u00a0\u00bb4.27.4&Prime; _module_preset=\u00a0\u00bbddeb8c09-9078-4424-bc15-2efb6572e28e\u00a0\u00bb hover_enabled=\u00a0\u00bb0&Prime; locked=\u00a0\u00bboff\u00a0\u00bb global_colors_info=\u00a0\u00bb{}\u00a0\u00bb title_text_color=\u00a0\u00bb#FFFFFF\u00a0\u00bb sticky_enabled=\u00a0\u00bb0&Prime;][\/et_pb_heading][\/et_pb_column][\/et_pb_row][et_pb_row custom_padding_last_edited=\u00a0\u00bbon|phone\u00a0\u00bb _builder_version=\u00a0\u00bb4.24.3&Prime; _module_preset=\u00a0\u00bb5138c454-be54-4233-bd3b-f8e6a8747976&Prime; background_color=\u00a0\u00bbgcid-primary-color\u00a0\u00bb custom_margin=\u00a0\u00bb3vw|auto||auto|false|false\u00a0\u00bb custom_padding=\u00a0\u00bb30px|30px|30px|30px|true|true\u00a0\u00bb custom_padding_tablet=\u00a0\u00bb30px|30px|30px|30px|true|true\u00a0\u00bb custom_padding_phone=\u00a0\u00bb20px|20px|20px|20px|true|true\u00a0\u00bb border_radii=\u00a0\u00bbon|6px|6px|6px|6px\u00a0\u00bb locked=\u00a0\u00bboff\u00a0\u00bb global_colors_info=\u00a0\u00bb{%22gcid-primary-color%22:%91%22background_color%22%93}\u00a0\u00bb][et_pb_column type=\u00a0\u00bb4_4&Prime; _builder_version=\u00a0\u00bb4.16.0&Prime; _module_preset=\u00a0\u00bb73121f80-a3ef-4484-8763-c3f18e3c56d2&Prime; global_colors_info=\u00a0\u00bb{}\u00a0\u00bb][et_pb_heading title=\u00a0\u00bbJe privil\u00e9gie le contact direct. Appelez-moi pour m\u2019expliquer votre projet : c\u2019est tellement plus simple d\u2019\u00e9changer en direct sur vos contraintes, votre mode de vie et votre timing. \u00a0\u00bb _builder_version=\u00a0\u00bb4.27.4&Prime; _module_preset=\u00a0\u00bbba4a6336-701f-47b8-bf5c-09da0ce28016&Prime; title_text_color=\u00a0\u00bb#FFFFFF\u00a0\u00bb title_font_size=\u00a0\u00bb21px\u00a0\u00bb locked=\u00a0\u00bboff\u00a0\u00bb global_colors_info=\u00a0\u00bb{}\u00a0\u00bb][\/et_pb_heading][\/et_pb_column][\/et_pb_row][\/et_pb_section][et_pb_section fb_built=\u00a0\u00bb1&Prime; admin_label=\u00a0\u00bbContact Info\u00a0\u00bb _builder_version=\u00a0\u00bb4.25.1&Prime; _module_preset=\u00a0\u00bbdefault\u00a0\u00bb collapsed=\u00a0\u00bbon\u00a0\u00bb global_colors_info=\u00a0\u00bb{}\u00a0\u00bb][et_pb_row column_structure=\u00a0\u00bb1_2,1_2&Prime; make_equal=\u00a0\u00bbon\u00a0\u00bb _builder_version=\u00a0\u00bb4.25.1&Prime; _module_preset=\u00a0\u00bbdefault\u00a0\u00bb global_colors_info=\u00a0\u00bb{}\u00a0\u00bb][et_pb_column type=\u00a0\u00bb1_2&Prime; _builder_version=\u00a0\u00bb4.25.1&Prime; _module_preset=\u00a0\u00bbdefault\u00a0\u00bb global_colors_info=\u00a0\u00bb{}\u00a0\u00bb][et_pb_heading title=\u00a0\u00bbChantal L.\u00a0\u00bb _builder_version=\u00a0\u00bb4.27.4&Prime; _module_preset=\u00a0\u00bba3805066-8711-43c7-9f62-5782da0e9f7a\u00a0\u00bb title_text_align=\u00a0\u00bbcenter\u00a0\u00bb global_colors_info=\u00a0\u00bb{}\u00a0\u00bb][\/et_pb_heading][et_pb_text _builder_version=\u00a0\u00bb4.27.4&Prime; _module_preset=\u00a0\u00bb4b240c10-bcce-4a83-9661-66d610a878e0&Prime; text_orientation=\u00a0\u00bbcenter\u00a0\u00bb global_colors_info=\u00a0\u00bb{}\u00a0\u00bb]<\/p>\n<h4 class=\"et_pb_module_header\">06 12 33 44 46 \/\/ + 33 612 334 446<\/h4>\n<p>[\/et_pb_text][\/et_pb_column][et_pb_column type=\u00a0\u00bb1_2&Prime; _builder_version=\u00a0\u00bb4.25.1&Prime; _module_preset=\u00a0\u00bbdefault\u00a0\u00bb global_colors_info=\u00a0\u00bb{}\u00a0\u00bb][et_pb_heading title=\u00a0\u00bbcontact.lepaon@gmail.com\u00a0\u00bb _builder_version=\u00a0\u00bb4.27.4&Prime; _module_preset=\u00a0\u00bba3805066-8711-43c7-9f62-5782da0e9f7a\u00a0\u00bb title_text_align=\u00a0\u00bbcenter\u00a0\u00bb title_text_color=\u00a0\u00bbgcid-primary-color\u00a0\u00bb global_colors_info=\u00a0\u00bb{%22gcid-primary-color%22:%91%22title_text_color%22%93}\u00a0\u00bb][\/et_pb_heading][et_pb_text _builder_version=\u00a0\u00bb4.25.1&Prime; _module_preset=\u00a0\u00bb4b240c10-bcce-4a83-9661-66d610a878e0&Prime; text_orientation=\u00a0\u00bbcenter\u00a0\u00bb global_colors_info=\u00a0\u00bb{}\u00a0\u00bb]Envoyez-nous un e-mail pour plus d&rsquo;informations[\/et_pb_text][\/et_pb_column][\/et_pb_row][\/et_pb_section][et_pb_section fb_built=\u00a0\u00bb1&Prime; admin_label=\u00a0\u00bbFrequently Asked Questions\u00a0\u00bb _builder_version=\u00a0\u00bb4.23.1&Prime; _module_preset=\u00a0\u00bbdefault\u00a0\u00bb locked=\u00a0\u00bboff\u00a0\u00bb collapsed=\u00a0\u00bbon\u00a0\u00bb global_colors_info=\u00a0\u00bb{}\u00a0\u00bb][et_pb_row _builder_version=\u00a0\u00bb4.17.3&Prime; _module_preset=\u00a0\u00bb5138c454-be54-4233-bd3b-f8e6a8747976&Prime; global_colors_info=\u00a0\u00bb{}\u00a0\u00bb][et_pb_column type=\u00a0\u00bb4_4&Prime; _builder_version=\u00a0\u00bb4.17.3&Prime; _module_preset=\u00a0\u00bb73121f80-a3ef-4484-8763-c3f18e3c56d2&Prime; global_colors_info=\u00a0\u00bb{}\u00a0\u00bb][et_pb_heading title=\u00a0\u00bbQuestions Fr\u00e9quemment Pos\u00e9es\u00a0\u00bb _builder_version=\u00a0\u00bb4.24.3&Prime; _module_preset=\u00a0\u00bbc33f07d9-41e0-421a-8799-5799df695cce\u00a0\u00bb locked=\u00a0\u00bboff\u00a0\u00bb global_colors_info=\u00a0\u00bb{}\u00a0\u00bb][\/et_pb_heading][\/et_pb_column][\/et_pb_row][et_pb_row column_structure=\u00a0\u00bb1_3,1_3,1_3&Prime; _builder_version=\u00a0\u00bb4.24.2&Prime; _module_preset=\u00a0\u00bb5138c454-be54-4233-bd3b-f8e6a8747976&Prime; locked=\u00a0\u00bboff\u00a0\u00bb global_colors_info=\u00a0\u00bb{}\u00a0\u00bb][et_pb_column type=\u00a0\u00bb1_3&Prime; _builder_version=\u00a0\u00bb4.16&Prime; _module_preset=\u00a0\u00bb73121f80-a3ef-4484-8763-c3f18e3c56d2&Prime; global_colors_info=\u00a0\u00bb{}\u00a0\u00bb][et_pb_blurb title=\u00a0\u00bbQuels sont les diff\u00e9rents types de paons que vous \u00e9levez ?\u00a0\u00bb use_icon=\u00a0\u00bbon\u00a0\u00bb font_icon=\u00a0\u00bb&#x75;||divi||400&Prime; image_icon_background_color=\u00a0\u00bbgcid-secondary-color\u00a0\u00bb module_class=\u00a0\u00bbai_ignore_font_icon\u00a0\u00bb _builder_version=\u00a0\u00bb4.24.3&Prime; _module_preset=\u00a0\u00bbc4be762d-d134-408e-b49a-ae764af14c39&Prime; global_colors_info=\u00a0\u00bb{%22gcid-heading-color%22:%91%22header_text_color%22%93,%22gcid-body-color%22:%91%22body_text_color%22%93,%22gcid-secondary-color%22:%91%22image_icon_background_color%22%93}\u00a0\u00bb]<\/p>\n<p>Nous \u00e9levons principalement le paon bleu, le paon blanc et le paon vert. Chaque esp\u00e8ce a ses propres caract\u00e9ristiques et besoins sp\u00e9cifiques.<\/p>\n<p>[\/et_pb_blurb][\/et_pb_column][et_pb_column type=\u00a0\u00bb1_3&Prime; _builder_version=\u00a0\u00bb4.16&Prime; _module_preset=\u00a0\u00bb73121f80-a3ef-4484-8763-c3f18e3c56d2&Prime; global_colors_info=\u00a0\u00bb{}\u00a0\u00bb][et_pb_blurb title=\u00a0\u00bbComment puis-je acheter un paon chez Lepaon.fr ?\u00a0\u00bb use_icon=\u00a0\u00bbon\u00a0\u00bb font_icon=\u00a0\u00bb&#x75;||divi||400&Prime; image_icon_background_color=\u00a0\u00bbgcid-secondary-color\u00a0\u00bb module_class=\u00a0\u00bbai_ignore_font_icon\u00a0\u00bb _builder_version=\u00a0\u00bb4.24.3&Prime; _module_preset=\u00a0\u00bbc4be762d-d134-408e-b49a-ae764af14c39&Prime; global_colors_info=\u00a0\u00bb{%22gcid-heading-color%22:%91%22header_text_color%22%93,%22gcid-body-color%22:%91%22body_text_color%22%93,%22gcid-secondary-color%22:%91%22image_icon_background_color%22%93}\u00a0\u00bb]<\/p>\n<p>Pour acheter un paon, veuillez nous contacter via notre formulaire de contact ou par t\u00e9l\u00e9phone pour discuter des disponibilit\u00e9s et des modalit\u00e9s de vente.<\/p>\n<p>[\/et_pb_blurb][\/et_pb_column][et_pb_column type=\u00a0\u00bb1_3&Prime; _builder_version=\u00a0\u00bb4.16&Prime; _module_preset=\u00a0\u00bb73121f80-a3ef-4484-8763-c3f18e3c56d2&Prime; global_colors_info=\u00a0\u00bb{}\u00a0\u00bb][et_pb_blurb title=\u00a0\u00bbQuels sont les soins n\u00e9cessaires pour un paon ?\u00a0\u00bb use_icon=\u00a0\u00bbon\u00a0\u00bb font_icon=\u00a0\u00bb&#x75;||divi||400&Prime; image_icon_background_color=\u00a0\u00bbgcid-secondary-color\u00a0\u00bb module_class=\u00a0\u00bbai_ignore_font_icon\u00a0\u00bb _builder_version=\u00a0\u00bb4.24.3&Prime; _module_preset=\u00a0\u00bbc4be762d-d134-408e-b49a-ae764af14c39&Prime; global_colors_info=\u00a0\u00bb{%22gcid-heading-color%22:%91%22header_text_color%22%93,%22gcid-body-color%22:%91%22body_text_color%22%93,%22gcid-secondary-color%22:%91%22image_icon_background_color%22%93}\u00a0\u00bb]<\/p>\n<p>Les paons n\u00e9cessitent un espace ext\u00e9rieur spacieux, une alimentation \u00e9quilibr\u00e9e et des soins v\u00e9t\u00e9rinaires r\u00e9guliers pour rester en bonne sant\u00e9.<\/p>\n<p>[\/et_pb_blurb][\/et_pb_column][\/et_pb_row][et_pb_row column_structure=\u00a0\u00bb1_3,1_3,1_3&Prime; _builder_version=\u00a0\u00bb4.24.2&Prime; _module_preset=\u00a0\u00bb5138c454-be54-4233-bd3b-f8e6a8747976&Prime; locked=\u00a0\u00bboff\u00a0\u00bb global_colors_info=\u00a0\u00bb{}\u00a0\u00bb][et_pb_column type=\u00a0\u00bb1_3&Prime; _builder_version=\u00a0\u00bb4.16&Prime; _module_preset=\u00a0\u00bb73121f80-a3ef-4484-8763-c3f18e3c56d2&Prime; global_colors_info=\u00a0\u00bb{}\u00a0\u00bb][et_pb_blurb title=\u00a0\u00bbOffrez-vous des conseils sur l&rsquo;\u00e9levage de paons ?\u00a0\u00bb use_icon=\u00a0\u00bbon\u00a0\u00bb font_icon=\u00a0\u00bb&#x75;||divi||400&Prime; image_icon_background_color=\u00a0\u00bbgcid-secondary-color\u00a0\u00bb module_class=\u00a0\u00bbai_ignore_font_icon\u00a0\u00bb _builder_version=\u00a0\u00bb4.24.3&Prime; _module_preset=\u00a0\u00bbc4be762d-d134-408e-b49a-ae764af14c39&Prime; global_colors_info=\u00a0\u00bb{%22gcid-heading-color%22:%91%22header_text_color%22%93,%22gcid-body-color%22:%91%22body_text_color%22%93,%22gcid-secondary-color%22:%91%22image_icon_background_color%22%93}\u00a0\u00bb]<\/p>\n<p>Oui, nous proposons des conseils personnalis\u00e9s pour les nouveaux propri\u00e9taires de paons afin de les aider \u00e0 bien d\u00e9marrer avec leurs oiseaux.<\/p>\n<p>[\/et_pb_blurb][\/et_pb_column][et_pb_column type=\u00a0\u00bb1_3&Prime; _builder_version=\u00a0\u00bb4.16&Prime; _module_preset=\u00a0\u00bb73121f80-a3ef-4484-8763-c3f18e3c56d2&Prime; global_colors_info=\u00a0\u00bb{}\u00a0\u00bb][et_pb_blurb title=\u00a0\u00bbQuelle est l&rsquo;origine des paons que vous \u00e9levez ?\u00a0\u00bb use_icon=\u00a0\u00bbon\u00a0\u00bb font_icon=\u00a0\u00bb&#x75;||divi||400&Prime; image_icon_background_color=\u00a0\u00bbgcid-secondary-color\u00a0\u00bb module_class=\u00a0\u00bbai_ignore_font_icon\u00a0\u00bb _builder_version=\u00a0\u00bb4.24.3&Prime; _module_preset=\u00a0\u00bbc4be762d-d134-408e-b49a-ae764af14c39&Prime; global_colors_info=\u00a0\u00bb{%22gcid-heading-color%22:%91%22header_text_color%22%93,%22gcid-body-color%22:%91%22body_text_color%22%93,%22gcid-secondary-color%22:%91%22image_icon_background_color%22%93}\u00a0\u00bb]<\/p>\n<p>Nos paons proviennent de lign\u00e9es soigneusement s\u00e9lectionn\u00e9es pour garantir la sant\u00e9 et la beaut\u00e9 de chaque oiseau.<\/p>\n<p>[\/et_pb_blurb][\/et_pb_column][et_pb_column type=\u00a0\u00bb1_3&Prime; _builder_version=\u00a0\u00bb4.16&Prime; _module_preset=\u00a0\u00bb73121f80-a3ef-4484-8763-c3f18e3c56d2&Prime; global_colors_info=\u00a0\u00bb{}\u00a0\u00bb][et_pb_blurb title=\u00a0\u00bbLes paons peuvent-ils vivre avec d&rsquo;autres animaux ?\u00a0\u00bb use_icon=\u00a0\u00bbon\u00a0\u00bb font_icon=\u00a0\u00bb&#x75;||divi||400&Prime; image_icon_background_color=\u00a0\u00bbgcid-secondary-color\u00a0\u00bb module_class=\u00a0\u00bbai_ignore_font_icon\u00a0\u00bb _builder_version=\u00a0\u00bb4.24.3&Prime; _module_preset=\u00a0\u00bbc4be762d-d134-408e-b49a-ae764af14c39&Prime; global_colors_info=\u00a0\u00bb{%22gcid-heading-color%22:%91%22header_text_color%22%93,%22gcid-body-color%22:%91%22body_text_color%22%93,%22gcid-secondary-color%22:%91%22image_icon_background_color%22%93}\u00a0\u00bb]<\/p>\n<p>Les paons peuvent cohabiter avec d&rsquo;autres animaux de ferme, mais il est important de surveiller leurs interactions pour \u00e9viter les conflits.<\/p>\n<p>[\/et_pb_blurb][\/et_pb_column][\/et_pb_row][et_pb_row column_structure=\u00a0\u00bb1_3,1_3,1_3&Prime; _builder_version=\u00a0\u00bb4.24.2&Prime; _module_preset=\u00a0\u00bb5138c454-be54-4233-bd3b-f8e6a8747976&Prime; locked=\u00a0\u00bboff\u00a0\u00bb global_colors_info=\u00a0\u00bb{}\u00a0\u00bb][et_pb_column type=\u00a0\u00bb1_3&Prime; _builder_version=\u00a0\u00bb4.16&Prime; _module_preset=\u00a0\u00bb73121f80-a3ef-4484-8763-c3f18e3c56d2&Prime; global_colors_info=\u00a0\u00bb{}\u00a0\u00bb][et_pb_blurb title=\u00a0\u00bbProposez-vous des visites de votre \u00e9levage ?\u00a0\u00bb use_icon=\u00a0\u00bbon\u00a0\u00bb font_icon=\u00a0\u00bb&#x75;||divi||400&Prime; image_icon_background_color=\u00a0\u00bbgcid-secondary-color\u00a0\u00bb module_class=\u00a0\u00bbai_ignore_font_icon\u00a0\u00bb _builder_version=\u00a0\u00bb4.24.3&Prime; _module_preset=\u00a0\u00bbc4be762d-d134-408e-b49a-ae764af14c39&Prime; global_colors_info=\u00a0\u00bb{%22gcid-heading-color%22:%91%22header_text_color%22%93,%22gcid-body-color%22:%91%22body_text_color%22%93,%22gcid-secondary-color%22:%91%22image_icon_background_color%22%93}\u00a0\u00bb]<\/p>\n<p>Nous organisons des visites sur rendez-vous pour ceux qui souhaitent en savoir plus sur nos paons et notre m\u00e9thode d&rsquo;\u00e9levage.<\/p>\n<p>[\/et_pb_blurb][\/et_pb_column][et_pb_column type=\u00a0\u00bb1_3&Prime; _builder_version=\u00a0\u00bb4.16&Prime; _module_preset=\u00a0\u00bb73121f80-a3ef-4484-8763-c3f18e3c56d2&Prime; global_colors_info=\u00a0\u00bb{}\u00a0\u00bb][et_pb_blurb title=\u00a0\u00bbComment puis-je vous contacter pour plus d&rsquo;informations ?\u00a0\u00bb use_icon=\u00a0\u00bbon\u00a0\u00bb font_icon=\u00a0\u00bb&#x75;||divi||400&Prime; image_icon_background_color=\u00a0\u00bbgcid-secondary-color\u00a0\u00bb module_class=\u00a0\u00bbai_ignore_font_icon\u00a0\u00bb _builder_version=\u00a0\u00bb4.24.3&Prime; _module_preset=\u00a0\u00bbc4be762d-d134-408e-b49a-ae764af14c39&Prime; global_colors_info=\u00a0\u00bb{%22gcid-heading-color%22:%91%22header_text_color%22%93,%22gcid-body-color%22:%91%22body_text_color%22%93,%22gcid-secondary-color%22:%91%22image_icon_background_color%22%93}\u00a0\u00bb]<\/p>\n<p>Vous pouvez nous joindre par t\u00e9l\u00e9phone, par email ou via notre formulaire de contact en ligne pour toute demande d&rsquo;information.<\/p>\n<p>[\/et_pb_blurb][\/et_pb_column][et_pb_column type=\u00a0\u00bb1_3&Prime; _builder_version=\u00a0\u00bb4.16&Prime; _module_preset=\u00a0\u00bb73121f80-a3ef-4484-8763-c3f18e3c56d2&Prime; global_colors_info=\u00a0\u00bb{}\u00a0\u00bb][\/et_pb_column][\/et_pb_row][\/et_pb_section][et_pb_section fb_built=\u00a0\u00bb1&Prime; admin_label=\u00a0\u00bbCall to Action\u00a0\u00bb _builder_version=\u00a0\u00bb4.18.0&Prime; _module_preset=\u00a0\u00bbdefault\u00a0\u00bb locked=\u00a0\u00bboff\u00a0\u00bb collapsed=\u00a0\u00bbon\u00a0\u00bb global_colors_info=\u00a0\u00bb{}\u00a0\u00bb][\/et_pb_section]<\/p>\n","protected":false},"excerpt":{"rendered":"<p>06 12 33 44 46 \/\/ + 33 612 334 446Envoyez-nous un e-mail pour plus d&rsquo;informationsNous \u00e9levons principalement le paon bleu, le paon blanc et le paon vert. Chaque esp\u00e8ce a ses propres caract\u00e9ristiques et besoins sp\u00e9cifiques.Pour acheter un paon, veuillez nous contacter via notre formulaire de contact ou par t\u00e9l\u00e9phone pour discuter des disponibilit\u00e9s [&hellip;]<\/p>\n","protected":false},"author":1,"featured_media":0,"parent":0,"menu_order":0,"comment_status":"closed","ping_status":"closed","template":"","meta":{"_et_pb_use_builder":"on","_et_pb_old_content":"","_et_gb_content_width":"","footnotes":""},"class_list":["post-16","page","type-page","status-publish","hentry"],"yoast_head":"<!-- This site is optimized with the Yoast SEO plugin v27.5 - https:\/\/yoast.com\/product\/yoast-seo-wordpress\/ -->\n<title>Contact - Lepaon.fr<\/title>\n<meta name=\"robots\" content=\"noindex, follow, max-snippet:-1, max-image-preview:large, max-video-preview:-1\" \/>\n<meta property=\"og:locale\" content=\"fr_FR\" \/>\n<meta property=\"og:type\" content=\"article\" \/>\n<meta property=\"og:title\" content=\"Contact - Lepaon.fr\" \/>\n<meta property=\"og:description\" content=\"06 12 33 44 46 \/\/ + 33 612 334 446Envoyez-nous un e-mail pour plus d&#039;informationsNous \u00e9levons principalement le paon bleu, le paon blanc et le paon vert. Chaque esp\u00e8ce a ses propres caract\u00e9ristiques et besoins sp\u00e9cifiques.Pour acheter un paon, veuillez nous contacter via notre formulaire de contact ou par t\u00e9l\u00e9phone pour discuter des disponibilit\u00e9s [&hellip;]\" \/>\n<meta property=\"og:url\" content=\"https:\/\/lepaon.fr\/?page_id=16\" \/>\n<meta property=\"og:site_name\" content=\"Lepaon.fr\" \/>\n<meta property=\"article:modified_time\" content=\"2025-03-10T22:20:28+00:00\" \/>\n<meta name=\"twitter:card\" content=\"summary_large_image\" \/>\n<meta name=\"twitter:label1\" content=\"Dur\u00e9e de lecture estim\u00e9e\" \/>\n\t<meta name=\"twitter:data1\" content=\"8 minutes\" \/>\n<script type=\"application\/ld+json\" class=\"yoast-schema-graph\">{\"@context\":\"https:\\\/\\\/schema.org\",\"@graph\":[{\"@type\":\"WebPage\",\"@id\":\"https:\\\/\\\/lepaon.fr\\\/?page_id=16\",\"url\":\"https:\\\/\\\/lepaon.fr\\\/?page_id=16\",\"name\":\"Contact - Lepaon.fr\",\"isPartOf\":{\"@id\":\"https:\\\/\\\/lepaon.fr\\\/#website\"},\"datePublished\":\"2024-12-03T17:13:41+00:00\",\"dateModified\":\"2025-03-10T22:20:28+00:00\",\"breadcrumb\":{\"@id\":\"https:\\\/\\\/lepaon.fr\\\/?page_id=16#breadcrumb\"},\"inLanguage\":\"fr-FR\",\"potentialAction\":[{\"@type\":\"ReadAction\",\"target\":[\"https:\\\/\\\/lepaon.fr\\\/?page_id=16\"]}]},{\"@type\":\"BreadcrumbList\",\"@id\":\"https:\\\/\\\/lepaon.fr\\\/?page_id=16#breadcrumb\",\"itemListElement\":[{\"@type\":\"ListItem\",\"position\":1,\"name\":\"Accueil\",\"item\":\"https:\\\/\\\/lepaon.fr\\\/\"},{\"@type\":\"ListItem\",\"position\":2,\"name\":\"Contact\"}]},{\"@type\":\"WebSite\",\"@id\":\"https:\\\/\\\/lepaon.fr\\\/#website\",\"url\":\"https:\\\/\\\/lepaon.fr\\\/\",\"name\":\"Lepaon.fr\",\"description\":\"le paon en nord\",\"publisher\":{\"@id\":\"https:\\\/\\\/lepaon.fr\\\/#organization\"},\"potentialAction\":[{\"@type\":\"SearchAction\",\"target\":{\"@type\":\"EntryPoint\",\"urlTemplate\":\"https:\\\/\\\/lepaon.fr\\\/?s={search_term_string}\"},\"query-input\":{\"@type\":\"PropertyValueSpecification\",\"valueRequired\":true,\"valueName\":\"search_term_string\"}}],\"inLanguage\":\"fr-FR\"},{\"@type\":\"Organization\",\"@id\":\"https:\\\/\\\/lepaon.fr\\\/#organization\",\"name\":\"Lepaon\",\"url\":\"https:\\\/\\\/lepaon.fr\\\/\",\"logo\":{\"@type\":\"ImageObject\",\"inLanguage\":\"fr-FR\",\"@id\":\"https:\\\/\\\/lepaon.fr\\\/#\\\/schema\\\/logo\\\/image\\\/\",\"url\":\"https:\\\/\\\/lepaon.fr\\\/wp-content\\\/uploads\\\/2024\\\/12\\\/Design-sans-titre.png\",\"contentUrl\":\"https:\\\/\\\/lepaon.fr\\\/wp-content\\\/uploads\\\/2024\\\/12\\\/Design-sans-titre.png\",\"width\":500,\"height\":500,\"caption\":\"Lepaon\"},\"image\":{\"@id\":\"https:\\\/\\\/lepaon.fr\\\/#\\\/schema\\\/logo\\\/image\\\/\"}}]}<\/script>\n<!-- \/ Yoast SEO plugin. -->","yoast_head_json":{"title":"Contact - Lepaon.fr","robots":{"index":"noindex","follow":"follow","max-snippet":"max-snippet:-1","max-image-preview":"max-image-preview:large","max-video-preview":"max-video-preview:-1"},"og_locale":"fr_FR","og_type":"article","og_title":"Contact - Lepaon.fr","og_description":"06 12 33 44 46 \/\/ + 33 612 334 446Envoyez-nous un e-mail pour plus d'informationsNous \u00e9levons principalement le paon bleu, le paon blanc et le paon vert. Chaque esp\u00e8ce a ses propres caract\u00e9ristiques et besoins sp\u00e9cifiques.Pour acheter un paon, veuillez nous contacter via notre formulaire de contact ou par t\u00e9l\u00e9phone pour discuter des disponibilit\u00e9s [&hellip;]","og_url":"https:\/\/lepaon.fr\/?page_id=16","og_site_name":"Lepaon.fr","article_modified_time":"2025-03-10T22:20:28+00:00","twitter_card":"summary_large_image","twitter_misc":{"Dur\u00e9e de lecture estim\u00e9e":"8 minutes"},"schema":{"@context":"https:\/\/schema.org","@graph":[{"@type":"WebPage","@id":"https:\/\/lepaon.fr\/?page_id=16","url":"https:\/\/lepaon.fr\/?page_id=16","name":"Contact - Lepaon.fr","isPartOf":{"@id":"https:\/\/lepaon.fr\/#website"},"datePublished":"2024-12-03T17:13:41+00:00","dateModified":"2025-03-10T22:20:28+00:00","breadcrumb":{"@id":"https:\/\/lepaon.fr\/?page_id=16#breadcrumb"},"inLanguage":"fr-FR","potentialAction":[{"@type":"ReadAction","target":["https:\/\/lepaon.fr\/?page_id=16"]}]},{"@type":"BreadcrumbList","@id":"https:\/\/lepaon.fr\/?page_id=16#breadcrumb","itemListElement":[{"@type":"ListItem","position":1,"name":"Accueil","item":"https:\/\/lepaon.fr\/"},{"@type":"ListItem","position":2,"name":"Contact"}]},{"@type":"WebSite","@id":"https:\/\/lepaon.fr\/#website","url":"https:\/\/lepaon.fr\/","name":"Lepaon.fr","description":"le paon en nord","publisher":{"@id":"https:\/\/lepaon.fr\/#organization"},"potentialAction":[{"@type":"SearchAction","target":{"@type":"EntryPoint","urlTemplate":"https:\/\/lepaon.fr\/?s={search_term_string}"},"query-input":{"@type":"PropertyValueSpecification","valueRequired":true,"valueName":"search_term_string"}}],"inLanguage":"fr-FR"},{"@type":"Organization","@id":"https:\/\/lepaon.fr\/#organization","name":"Lepaon","url":"https:\/\/lepaon.fr\/","logo":{"@type":"ImageObject","inLanguage":"fr-FR","@id":"https:\/\/lepaon.fr\/#\/schema\/logo\/image\/","url":"https:\/\/lepaon.fr\/wp-content\/uploads\/2024\/12\/Design-sans-titre.png","contentUrl":"https:\/\/lepaon.fr\/wp-content\/uploads\/2024\/12\/Design-sans-titre.png","width":500,"height":500,"caption":"Lepaon"},"image":{"@id":"https:\/\/lepaon.fr\/#\/schema\/logo\/image\/"}}]}},"_links":{"self":[{"href":"https:\/\/lepaon.fr\/index.php?rest_route=\/wp\/v2\/pages\/16","targetHints":{"allow":["GET"]}}],"collection":[{"href":"https:\/\/lepaon.fr\/index.php?rest_route=\/wp\/v2\/pages"}],"about":[{"href":"https:\/\/lepaon.fr\/index.php?rest_route=\/wp\/v2\/types\/page"}],"author":[{"embeddable":true,"href":"https:\/\/lepaon.fr\/index.php?rest_route=\/wp\/v2\/users\/1"}],"replies":[{"embeddable":true,"href":"https:\/\/lepaon.fr\/index.php?rest_route=%2Fwp%2Fv2%2Fcomments&post=16"}],"version-history":[{"count":3,"href":"https:\/\/lepaon.fr\/index.php?rest_route=\/wp\/v2\/pages\/16\/revisions"}],"predecessor-version":[{"id":551,"href":"https:\/\/lepaon.fr\/index.php?rest_route=\/wp\/v2\/pages\/16\/revisions\/551"}],"wp:attachment":[{"href":"https:\/\/lepaon.fr\/index.php?rest_route=%2Fwp%2Fv2%2Fmedia&parent=16"}],"curies":[{"name":"wp","href":"https:\/\/api.w.org\/{rel}","templated":true}]}}